{"id":373,"date":"2012-12-19T11:46:48","date_gmt":"2012-12-19T09:46:48","guid":{"rendered":"http:\/\/www.bjoern-b.de\/wordpress\/?page_id=373"},"modified":"2013-01-04T13:03:22","modified_gmt":"2013-01-04T12:03:22","slug":"rfm12stick-v2","status":"publish","type":"page","link":"https:\/\/www.bjoern-b.de\/wordpress\/?page_id=373","title":{"rendered":"RFM12Stick v2"},"content":{"rendered":"<div class=\"twoclick_social_bookmarks_post_373 social_share_privacy clearfix 1.6.4 locale-de_DE sprite-de_DE\"><\/div><div class=\"twoclick-js\"><script type=\"text\/javascript\">\/* <![CDATA[ *\/\njQuery(document).ready(function($){if($('.twoclick_social_bookmarks_post_373')){$('.twoclick_social_bookmarks_post_373').socialSharePrivacy({\"txt_help\":\"Wenn Sie diese Felder durch einen Klick aktivieren, werden Informationen an Facebook, Twitter, Flattr, Xing, t3n, LinkedIn, Pinterest oder Google eventuell ins Ausland \\u00fcbertragen und unter Umst\\u00e4nden auch dort gespeichert. N\\u00e4heres erfahren Sie durch einen Klick auf das <em>i<\\\/em>.\",\"settings_perma\":\"Dauerhaft aktivieren und Daten\\u00fcber-tragung zustimmen:\",\"info_link\":\"http:\\\/\\\/www.heise.de\\\/ct\\\/artikel\\\/2-Klicks-fuer-mehr-Datenschutz-1333879.html\",\"uri\":\"https:\\\/\\\/www.bjoern-b.de\\\/wordpress\\\/?page_id=373\",\"post_id\":373,\"post_title_referrer_track\":\"RFM12Stick+v2\",\"display_infobox\":\"on\"});}});\n\/* ]]> *\/<\/script><\/div><p>Der RFM12Stick dient zur Anbindung des Funkthermometers und des GLCDs an einen Rechner \u00fcber USB. Er verf\u00fcgt \u00fcber einen ATMega8 Microcontroller, ein RFM12 Funkmodul (wahlweise 430MHz oder 860MHz) und einen FT232 Seriell-USB-Wandler. Eine Antenne kann entweder direkt aufgel\u00f6tet oder \u00fcber eine SMA-Buchse angeschlossen werden.<\/p>\n<div id=\"attachment_375\" style=\"width: 310px\" class=\"wp-caption alignleft\"><a href=\"https:\/\/www.bjoern-b.de\/wordpress\/?attachment_id=375\" rel=\"attachment wp-att-375\"><img loading=\"lazy\" decoding=\"async\" aria-describedby=\"caption-attachment-375\" class=\"size-medium wp-image-375\" alt=\"RFM12Stick Top\" src=\"https:\/\/www.bjoern-b.de\/wordpress\/wp-content\/uploads\/2012\/12\/IMG_8420-300x200.jpg\" width=\"300\" height=\"200\" srcset=\"https:\/\/www.bjoern-b.de\/wordpress\/wp-content\/uploads\/2012\/12\/IMG_8420-300x200.jpg 300w, https:\/\/www.bjoern-b.de\/wordpress\/wp-content\/uploads\/2012\/12\/IMG_8420-1024x682.jpg 1024w\" sizes=\"auto, (max-width: 300px) 100vw, 300px\" \/><\/a><p id=\"caption-attachment-375\" class=\"wp-caption-text\">RFM12Stick Top<\/p><\/div>\n<div id=\"attachment_374\" style=\"width: 310px\" class=\"wp-caption alignright\"><a href=\"https:\/\/www.bjoern-b.de\/wordpress\/?attachment_id=374\" rel=\"attachment wp-att-374\"><img loading=\"lazy\" decoding=\"async\" aria-describedby=\"caption-attachment-374\" class=\"size-medium wp-image-374\" alt=\"RFM12Stick Bottom\" src=\"https:\/\/www.bjoern-b.de\/wordpress\/wp-content\/uploads\/2012\/12\/IMG_8419-300x200.jpg\" width=\"300\" height=\"200\" srcset=\"https:\/\/www.bjoern-b.de\/wordpress\/wp-content\/uploads\/2012\/12\/IMG_8419-300x200.jpg 300w, https:\/\/www.bjoern-b.de\/wordpress\/wp-content\/uploads\/2012\/12\/IMG_8419-1024x682.jpg 1024w\" sizes=\"auto, (max-width: 300px) 100vw, 300px\" \/><\/a><p id=\"caption-attachment-374\" class=\"wp-caption-text\">RFM12Stick Bottom<\/p><\/div>\n<p>&nbsp;<\/p>\n<p>&nbsp;<\/p>\n<p>&nbsp;<\/p>\n<p>&nbsp;<\/p>\n<p>&nbsp;<\/p>\n<p>&nbsp;<\/p>\n<p>&nbsp;<\/p>\n<p>&nbsp;<\/p>\n<p>&nbsp;<\/p>\n<p>&nbsp;<\/p>\n<p>Der Schaltplan und das Layout wurden mit Eagle in der Version 6.2.0 erstellt und stehen hier zur Verf\u00fcgung.<\/p>\n<p>Der Stick ist zum Einbau in ein USB-Stick Geh\u00e4use vom Typ &#8222;MULTICOMP &#8211; MCG1901&#8220;, erh\u00e4ltlich bei Farnell, gedacht. Hierf\u00fcr m\u00fcssen allerdings die beiden Quarze (10MHz RFM und 16MHz ATMega) gegen flachere getauscht werden, da sonst das Geh\u00e4use nicht zu schliessen ist.<\/p>\n<p>&nbsp;<\/p>\n<div id=\"attachment_380\" style=\"width: 310px\" class=\"wp-caption alignleft\"><a href=\"https:\/\/www.bjoern-b.de\/wordpress\/?attachment_id=380\" rel=\"attachment wp-att-380\"><img loading=\"lazy\" decoding=\"async\" aria-describedby=\"caption-attachment-380\" class=\"size-medium wp-image-380 \" alt=\"RFM12Stick Schaltplan\" src=\"https:\/\/www.bjoern-b.de\/wordpress\/wp-content\/uploads\/2012\/12\/rfm12stick_schematic-300x211.png\" width=\"300\" height=\"211\" srcset=\"https:\/\/www.bjoern-b.de\/wordpress\/wp-content\/uploads\/2012\/12\/rfm12stick_schematic-300x211.png 300w, https:\/\/www.bjoern-b.de\/wordpress\/wp-content\/uploads\/2012\/12\/rfm12stick_schematic-1024x722.png 1024w, https:\/\/www.bjoern-b.de\/wordpress\/wp-content\/uploads\/2012\/12\/rfm12stick_schematic.png 1727w\" sizes=\"auto, (max-width: 300px) 100vw, 300px\" \/><\/a><p id=\"caption-attachment-380\" class=\"wp-caption-text\">RFM12Stick Schaltplan<\/p><\/div>\n<div id=\"attachment_442\" style=\"width: 310px\" class=\"wp-caption alignright\"><a href=\"https:\/\/www.bjoern-b.de\/wordpress\/?attachment_id=442\" rel=\"attachment wp-att-442\"><img loading=\"lazy\" decoding=\"async\" aria-describedby=\"caption-attachment-442\" class=\"size-medium wp-image-442\" alt=\"Stick mit Geh\u00e4use\" src=\"https:\/\/www.bjoern-b.de\/wordpress\/wp-content\/uploads\/2013\/01\/IMG_8644-300x200.jpg\" width=\"300\" height=\"200\" srcset=\"https:\/\/www.bjoern-b.de\/wordpress\/wp-content\/uploads\/2013\/01\/IMG_8644-300x200.jpg 300w, https:\/\/www.bjoern-b.de\/wordpress\/wp-content\/uploads\/2013\/01\/IMG_8644-1024x682.jpg 1024w\" sizes=\"auto, (max-width: 300px) 100vw, 300px\" \/><\/a><p id=\"caption-attachment-442\" class=\"wp-caption-text\">Stick mit Geh\u00e4use<\/p><\/div>\n<p>&nbsp;<\/p>\n<p>&nbsp;<\/p>\n<p>&nbsp;<\/p>\n<p>&nbsp;<\/p>\n<p>&nbsp;<\/p>\n<p>&nbsp;<\/p>\n<p>&nbsp;<\/p>\n<p>&nbsp;<\/p>\n<p>&nbsp;<\/p>\n<p>&nbsp;<\/p>\n<p>Schaltplan und Layout: <a href=\"https:\/\/www.bjoern-b.de\/wordpress\/?attachment_id=384\" rel=\"attachment wp-att-384\">RFM12Stick_eagle.zip<\/a><\/p>\n<p>Quellcode: <a href=\"https:\/\/www.bjoern-b.de\/wordpress\/?attachment_id=379\" rel=\"attachment wp-att-379\">rfm12stick_code_191212.zip<\/a><\/p>\n","protected":false},"excerpt":{"rendered":"<p>Der RFM12Stick dient zur Anbindung des Funkthermometers und des GLCDs an einen Rechner \u00fcber USB. Er verf\u00fcgt \u00fcber einen ATMega8 Microcontroller, ein RFM12 Funkmodul (wahlweise 430MHz oder 860MHz) und einen FT232 Seriell-USB-Wandler. Eine Antenne kann entweder direkt aufgel\u00f6tet oder \u00fcber &hellip; <a href=\"https:\/\/www.bjoern-b.de\/wordpress\/?page_id=373\">Weiterlesen <span class=\"meta-nav\">&rarr;<\/span><\/a><\/p>\n","protected":false},"author":1,"featured_media":0,"parent":315,"menu_order":0,"comment_status":"open","ping_status":"open","template":"","meta":{"footnotes":""},"class_list":["post-373","page","type-page","status-publish","hentry"],"_links":{"self":[{"href":"https:\/\/www.bjoern-b.de\/wordpress\/index.php?rest_route=\/wp\/v2\/pages\/373","targetHints":{"allow":["GET"]}}],"collection":[{"href":"https:\/\/www.bjoern-b.de\/wordpress\/index.php?rest_route=\/wp\/v2\/pages"}],"about":[{"href":"https:\/\/www.bjoern-b.de\/wordpress\/index.php?rest_route=\/wp\/v2\/types\/page"}],"author":[{"embeddable":true,"href":"https:\/\/www.bjoern-b.de\/wordpress\/index.php?rest_route=\/wp\/v2\/users\/1"}],"replies":[{"embeddable":true,"href":"https:\/\/www.bjoern-b.de\/wordpress\/index.php?rest_route=%2Fwp%2Fv2%2Fcomments&post=373"}],"version-history":[{"count":15,"href":"https:\/\/www.bjoern-b.de\/wordpress\/index.php?rest_route=\/wp\/v2\/pages\/373\/revisions"}],"predecessor-version":[{"id":404,"href":"https:\/\/www.bjoern-b.de\/wordpress\/index.php?rest_route=\/wp\/v2\/pages\/373\/revisions\/404"}],"up":[{"embeddable":true,"href":"https:\/\/www.bjoern-b.de\/wordpress\/index.php?rest_route=\/wp\/v2\/pages\/315"}],"wp:attachment":[{"href":"https:\/\/www.bjoern-b.de\/wordpress\/index.php?rest_route=%2Fwp%2Fv2%2Fmedia&parent=373"}],"curies":[{"name":"wp","href":"https:\/\/api.w.org\/{rel}","templated":true}]}}